{"id":31,"date":"2016-02-06T22:31:18","date_gmt":"2016-02-06T21:31:18","guid":{"rendered":"http:\/\/berndkwasnik.de\/wordpress\/?page_id=31"},"modified":"2025-05-17T11:56:33","modified_gmt":"2025-05-17T09:56:33","slug":"tipps-und-links","status":"publish","type":"page","link":"https:\/\/berndkwasnik.de\/wordpress\/tipps-und-links\/","title":{"rendered":"Tipps und Links"},"content":{"rendered":"<div class=\"level1\">\n<p>Auf dieser Seite finden Sie Tipps und Links, die Sie bei Ihrer Arbeit unterst\u00fctzen k\u00f6nnen, sowie diverse andere Informationen.<br \/>\nAuf den Inhalt der Seiten habe ich keinen Einfluss.<br \/>\nZum Zeitpunkt der Linksetzung habe ich mich von der Funktion und rechtlichen<br \/>\nUnbedenklichkeit der Seiten \u00fcberzeugt.<br \/>\nSollte ein Link nicht mehr funktionieren bzw. rechtlich nicht mehr einwandfrei sein,<br \/>\noder sollten Sie hier n\u00fctzliche Links vermissen,<br \/>\nso teilen Sie mir dies bitte mit.<\/p>\n<hr \/>\n<\/div>\n<h4 id=\"softwareempfehlungen\">Softwareempfehlungen:<\/h4>\n<div class=\"level4\">\n<ul>\n<li class=\"level1\">\n<div class=\"li\"><a class=\"urlextern\" title=\"http:\/\/www.documentfoundation.org\/\" href=\"http:\/\/www.documentfoundation.org\/\" target=\"_blank\" rel=\"nofollow noopener\">LibreOffice<\/a> &#8211; Fork von OpenOffice (Textverarbeitung, Tabellen, etc\u2026)<\/div>\n<\/li>\n<li class=\"level1\">\n<div class=\"li\"><a class=\"urlextern\" title=\"http:\/\/www.opensuse.org\/\" href=\"http:\/\/www.opensuse.org\/\" target=\"_blank\" rel=\"nofollow noopener\">openSUSE.org<\/a> &#8211; Linux-Distribution<\/div>\n<\/li>\n<li class=\"level1\"><a class=\"urlextern\" title=\"http:\/\/www.opensuse.org\/\" href=\"http:\/\/www.ubuntu.com\/\" target=\"_blank\" rel=\"nofollow noopener\">ubuntu.com<\/a> &#8211; Linux-Distribution<\/li>\n<li class=\"level1\">\n<div class=\"li\"><a class=\"urlextern\" title=\"http:\/\/wiki.splitbrain.org\/wiki:de:dokuwiki\" href=\"http:\/\/wiki.splitbrain.org\/wiki:de:dokuwiki\" target=\"_blank\" rel=\"nofollow noopener\">DokuWiki<\/a> &#8211; Dokumentationen aller Art<\/div>\n<\/li>\n<li class=\"level1\"><a class=\"urlextern\" title=\"http:\/\/wiki.splitbrain.org\/wiki:de:dokuwiki\" href=\"https:\/\/wordpress.org\/\" target=\"_blank\" rel=\"nofollow noopener\">WordPress<\/a> &#8211; Webseitem, Blogs etc; auch Unterbau dieser Webseite<\/li>\n<\/ul>\n<\/div>\n<hr \/>\n<h4 id=\"verschluesselung_privatsphaere\">Verschl\u00fcsselung, Privatsph\u00e4re:<\/h4>\n<div class=\"level4\">\n<ul>\n<li class=\"level1\"><a class=\"urlextern\" title=\"http:\/\/tor.eff.org\/\" href=\"https:\/\/tails.boum.org\/index.de.html\" target=\"_blank\" rel=\"nofollow noopener\">Tails<\/a> &#8211; Schutz der Privatsph\u00e4re und Anonymisierung im Internet<\/li>\n<li class=\"level1\">\n<div class=\"li\"><a class=\"urlextern\" title=\"http:\/\/tor.eff.org\/\" href=\"http:\/\/tor.eff.org\/\" target=\"plain\" rel=\"nofollow\">Tor<\/a> &#8211; Schutz der Privatsph\u00e4re und Anonymisierung im Internet<\/div>\n<\/li>\n<li class=\"level1\">\n<div class=\"li\"><a class=\"urlextern\" title=\"http:\/\/www.truecrypt.org\/\" href=\"https:\/\/veracrypt.codeplex.com\/\" target=\"_blank\" rel=\"nofollow noopener\">VeraCrypt<\/a> &#8211; Laufwerke verschl\u00fcsseln und virtuelle verschl\u00fcsselte Laufwerke erstellen<\/div>\n<\/li>\n<li class=\"level1\">\n<div class=\"li\"><a class=\"urlextern\" title=\"http:\/\/www.gnupg.org\" href=\"http:\/\/www.gnupg.org\" target=\"_blank\" rel=\"nofollow noopener\">GnuPG<\/a> &#8211; OpenPGP Verschl\u00fcsselung f\u00fcr Emails und private Daten<\/div>\n<\/li>\n<li class=\"level1\">\n<div class=\"li\"><a class=\"urlextern\" title=\"http:\/\/www.jumaros.de\/rsoft\/index.html\" href=\"http:\/\/www.jumaros.de\/rsoft\/index.html\" target=\"_blank\" rel=\"nofollow noopener\">GPGshell<\/a> &#8211; ein Verwaltungsprogramm f\u00fcr GnuPG<\/div>\n<\/li>\n<li class=\"level1\">\n<div class=\"li\">\n<p><a class=\"urlextern\" title=\"http:\/\/sites.inka.de\/tesla\/gpgrelay.html\" href=\"http:\/\/sites.inka.de\/tesla\/gpgrelay.html\" target=\"_blank\" rel=\"nofollow noopener\">GPGrelay<\/a> &#8211; ein Mailrelay f\u00fcr GnuPG (Verschl\u00fcsselung f\u00fcr jedes Mailprogramm)<\/p>\n<\/div>\n<\/li>\n<\/ul>\n<div>\n<hr \/>\n<h4 id=\"verschluesselung_privatsphaere\">Aktuelles von Heise und Co.:<\/h4>\n<\/div>\n<div id=\"akct\">\n<div class=\"wpra-display align\" data-display-id=\"0\" hx-target=\"this\" hx-swap=\"outerHTML\">    <div class=\"wp-rss-aggregator wpra-list-template \">\n        <ul class=\"rss-aggregator wpra-item-list wpra-item-list--bullets wpra-item-list--default\" start=\"1\">\n            <p>No feed items found.<\/p>\n        <\/ul>\n    <\/div> <\/div>\n<\/div>\n<\/div>\n<div><\/div>\n<div>\n<hr \/>\n<h4 id=\"nachrichten_und_informationen\">Weitere Nachrichten und Informationen:<\/h4>\n<div class=\"level4\">\n<ul>\n<li>Jeder hat das Recht, seine Meinung in Wort, Schrift und Bild frei zu \u00e4u\u00dfern und zu verbreiten und sich aus allgemein zug\u00e4nglichen Quellen ungehindert zu unterrichten.<br \/>\nDie Pressefreiheit und die Freiheit der Berichterstattung durch Rundfunk und Film werden gew\u00e4hrleistet.<\/p>\n<p>\u2014GG, Artikel 5 Abs. 1 S. 1 u. 2<\/p>\n<p>Das Grundrecht auf Meinungs- und Informationsfreiheit,<br \/>\nPresse- und Rundfunkfreiheit ist in Gefahr \u2013 und damit unsere Demokratie.<\/p>\n<p><a href=\"https:\/\/savesocial.eu\/\" target=\"_blank\" rel=\"noopener\">Soziale Netzwerke als demokratische Kraft retten &#8211; https:\/\/savesocial.eu\/<\/a><\/li>\n<li class=\"level1\">\n<div class=\"urlextern\" title=\"http:\/\/piratenpartei.de\/\"><a class=\"urlextern\" title=\"http:\/\/www.biss-braunschweig.de\/\" href=\"http:\/\/www.biss-braunschweig.de\/\" target=\"_blank\" rel=\"nofollow noopener\">B\u00fcrgerinitiative Strahlenschutz Braunschweig<\/a> &#8211; Informieren Sie sich!<\/div>\n<\/li>\n<li class=\"level1\">\n<div class=\"li\"><a class=\"urlextern\" title=\"http:\/\/www.vorratsdatenspeicherung.de\/\" href=\"http:\/\/www.vorratsdatenspeicherung.de\/\" target=\"_blank\" rel=\"nofollow noopener\">Arbeitskreis Vorratsdatenspeicherung<\/a> &#8211; Informationen und Aktionen zum Thema Vorratsdatenspeicherung.<\/div>\n<\/li>\n<li class=\"level1\">\n<div class=\"li\"><a class=\"urlextern\" title=\"http:\/\/www.heise.de\/\" href=\"http:\/\/www.heise.de\/\" target=\"_blank\" rel=\"nofollow noopener\">heise online<\/a> &#8211; News, Meldungen des Tages aus dem IT-Bereich<\/div>\n<\/li>\n<li class=\"level1\"><a class=\"urlextern\" title=\"http:\/\/www.heise.de\/\" href=\"http:\/\/www.golem.de\/\" target=\"_blank\" rel=\"nofollow noopener\">golem.de<\/a> &#8211; News, Meldungen des Tages aus dem IT-Bereich<\/li>\n<li class=\"level1\">\n<div class=\"li\">\n<p><a class=\"urlextern\" title=\"http:\/\/winfuture.de\/\" href=\"http:\/\/winfuture.de\/\" target=\"_blank\" rel=\"nofollow noopener\">WinFuture.de<\/a> &#8211; News, Tipps und Downloads f\u00fcr Windows<\/p>\n<\/div>\n<\/li>\n<\/ul>\n<\/div>\n<hr \/>\n<h4 id=\"diverses\">Diverses:<\/h4>\n<div class=\"level4\">\n<ul>\n<li class=\"level1\">\n<div class=\"li\"><a class=\"urlextern\" title=\"http:\/\/www.stadtbranchenbuch.com\" href=\"http:\/\/www.stadtbranchenbuch.com\" target=\"plain\" rel=\"nofollow\">Stadtbranchenbuch<\/a> Es m\u00fcssen nicht immer die Gelben Seiten sein\u2026<\/div>\n<\/li>\n<\/ul>\n<\/div>\n<\/div>\n","protected":false},"excerpt":{"rendered":"<p>Auf dieser Seite finden Sie Tipps und Links, die Sie bei Ihrer Arbeit unterst\u00fctzen k\u00f6nnen, sowie diverse andere Informationen. Auf den Inhalt der Seiten habe ich keinen Einfluss. Zum Zeitpunkt der Linksetzung habe ich mich von der Funktion und rechtlichen Unbedenklichkeit der Seiten \u00fcberzeugt. Sollte ein Link nicht mehr funktionieren&#8230;<\/p>\n","protected":false},"author":1,"featured_media":0,"parent":0,"menu_order":30,"comment_status":"closed","ping_status":"closed","template":"","meta":{"footnotes":""},"class_list":["post-31","page","type-page","status-publish","hentry"],"aioseo_notices":[],"_links":{"self":[{"href":"https:\/\/berndkwasnik.de\/wordpress\/wp-json\/wp\/v2\/pages\/31","targetHints":{"allow":["GET"]}}],"collection":[{"href":"https:\/\/berndkwasnik.de\/wordpress\/wp-json\/wp\/v2\/pages"}],"about":[{"href":"https:\/\/berndkwasnik.de\/wordpress\/wp-json\/wp\/v2\/types\/page"}],"author":[{"embeddable":true,"href":"https:\/\/berndkwasnik.de\/wordpress\/wp-json\/wp\/v2\/users\/1"}],"replies":[{"embeddable":true,"href":"https:\/\/berndkwasnik.de\/wordpress\/wp-json\/wp\/v2\/comments?post=31"}],"version-history":[{"count":10,"href":"https:\/\/berndkwasnik.de\/wordpress\/wp-json\/wp\/v2\/pages\/31\/revisions"}],"predecessor-version":[{"id":112294,"href":"https:\/\/berndkwasnik.de\/wordpress\/wp-json\/wp\/v2\/pages\/31\/revisions\/112294"}],"wp:attachment":[{"href":"https:\/\/berndkwasnik.de\/wordpress\/wp-json\/wp\/v2\/media?parent=31"}],"curies":[{"name":"wp","href":"https:\/\/api.w.org\/{rel}","templated":true}]}}