{"id":111077,"date":"2025-04-22T16:14:55","date_gmt":"2025-04-22T14:14:55","guid":{"rendered":"https:\/\/berndkwasnik.de\/wordpress\/?page_id=111077"},"modified":"2025-05-13T14:11:07","modified_gmt":"2025-05-13T12:11:07","slug":"privatkunden","status":"publish","type":"page","link":"https:\/\/berndkwasnik.de\/wordpress\/privatkunden\/","title":{"rendered":"Privatkunden"},"content":{"rendered":"<h4>Service f\u00fcr Privatkunden<\/h4>\n<p class=\"news-wthreetext\">Ich begleite Sie von der Auswahl des richtigen Produkts \u00fcber die Installation bis zur Inbetriebnahme. <br \/>Sie wollen mehr mit Ihren Ger\u00e4ten machen? <br \/>Ich biete hierf\u00fcr individuelle Einzelschulungen bei Ihnen zu Hause in Ihrer gewohnten Umgebung an.<\/p>\n\n\n<figure class=\"wp-block-flexible-table-block-table\"><table class=\"has-fixed-layout is-stacked-on-mobile\" style=\"min-width:50%;border-width:0\"><tbody><tr><td style=\"vertical-align:top;border:none\"><strong>Reparaturen<\/strong><br>Reparatur von Notebooks, Desktop-PCs, Druckern. Kurze Wege, schnelle Abwicklung.<br><br><\/td><td style=\"vertical-align:top;border:none\"><strong>Virusentfernung<\/strong><br>Ein falscher Klick, eine falsche Email und schon ist es passiert: Ein Schadprogramm landet auf Ihrem Rechner. Viren, Trojaner sowie andere Sch\u00e4dlinge werden sicher und restlos entfernt.<br><\/td><td style=\"vertical-align:top;border:none\"><strong>Vor-Ort-Service<\/strong><br>Ich komme zu Ihnen und helfe Ihnen bei Ihren Computerproblemen. Sowohl bei Hardware als auch bei Software.<br><\/td><\/tr><tr><td style=\"vertical-align:top;border:none\"><strong>DSL-Einrichtung etc.<\/strong><br>Ich k\u00fcmmere mich um Ihr schnelles Internet und richte Ihre Ger\u00e4te entsprechend ein.<br><\/td><td style=\"vertical-align:top;border:none\"><strong>Konfiguration und Einrichtung von Telefonen<\/strong><br>Das Telefon muss umgestellt oder neu eingebunden werden? Das wird vor Ort erledigt.<br><\/td><td style=\"vertical-align:top;border:none\"><strong>Vor-Ort-Schulungen<\/strong> <br>Jeder Mensch ist anders. Jeder hat sein eigenes Tempo. Deshalb sind individuelle Schulungen bei Ihnen vor Ort am ergiebigsten.<br><\/td><\/tr><tr><td style=\"vertical-align:top;border:none\"><strong>Beratung vor dem Kauf<\/strong> <br>Welches Ger\u00e4t ist f\u00fcr Sie geeignet? Was ist sinnvoll? Was kostet es? Ich berate Sie gerne. Rufen Sie an und wir vereinbaren einen Termin.<br><\/td><td style=\"vertical-align:top;border:none\"><strong>Sicherheitspr\u00fcfung Internet und WLAN<\/strong> <br>Wer nutzt mein WLAN und Internet? Ist alles richtig? Wei\u00df ich genau, wer wirklich mein WLAN nutzt? Ich \u00fcberpr\u00fcfe die Sicherheit  und berate Sie entsprechend.<\/td><td style=\"vertical-align:top;border:none\"><strong>Datensicherung<\/strong> <br>Auch im Privatbereich werden viele Daten gespeichert: Fotos, Filme, Musik, Dokumente usw. Sch\u00fctzen Sie sich vor Datenverlust! Eine Fachberatung verschafft Ihnen \u00dcberblick.<\/td><\/tr><\/tbody><\/table><\/figure>\n\n\n\n<p><a href=\"https:\/\/berndkwasnik.de\/wordpress\/kontakt\/\">Kontakt-><\/a><\/p>\n\n\n\n<p><\/p>\n","protected":false},"excerpt":{"rendered":"<p>Service f\u00fcr Privatkunden Ich begleite Sie von der Auswahl des richtigen Produkts \u00fcber die Installation bis zur Inbetriebnahme. Sie wollen mehr mit Ihren Ger\u00e4ten machen? Ich biete hierf\u00fcr individuelle Einzelschulungen bei Ihnen zu Hause in Ihrer gewohnten Umgebung an. Kontakt-><\/p>\n","protected":false},"author":1,"featured_media":0,"parent":0,"menu_order":0,"comment_status":"closed","ping_status":"closed","template":"","meta":{"footnotes":""},"class_list":["post-111077","page","type-page","status-publish","hentry"],"aioseo_notices":[],"_links":{"self":[{"href":"https:\/\/berndkwasnik.de\/wordpress\/wp-json\/wp\/v2\/pages\/111077","targetHints":{"allow":["GET"]}}],"collection":[{"href":"https:\/\/berndkwasnik.de\/wordpress\/wp-json\/wp\/v2\/pages"}],"about":[{"href":"https:\/\/berndkwasnik.de\/wordpress\/wp-json\/wp\/v2\/types\/page"}],"author":[{"embeddable":true,"href":"https:\/\/berndkwasnik.de\/wordpress\/wp-json\/wp\/v2\/users\/1"}],"replies":[{"embeddable":true,"href":"https:\/\/berndkwasnik.de\/wordpress\/wp-json\/wp\/v2\/comments?post=111077"}],"version-history":[{"count":19,"href":"https:\/\/berndkwasnik.de\/wordpress\/wp-json\/wp\/v2\/pages\/111077\/revisions"}],"predecessor-version":[{"id":112105,"href":"https:\/\/berndkwasnik.de\/wordpress\/wp-json\/wp\/v2\/pages\/111077\/revisions\/112105"}],"wp:attachment":[{"href":"https:\/\/berndkwasnik.de\/wordpress\/wp-json\/wp\/v2\/media?parent=111077"}],"curies":[{"name":"wp","href":"https:\/\/api.w.org\/{rel}","templated":true}]}}