{"id":111075,"date":"2025-04-22T16:16:06","date_gmt":"2025-04-22T14:16:06","guid":{"rendered":"https:\/\/berndkwasnik.de\/wordpress\/?page_id=111075"},"modified":"2025-05-13T14:10:24","modified_gmt":"2025-05-13T12:10:24","slug":"firmenkunden","status":"publish","type":"page","link":"https:\/\/berndkwasnik.de\/wordpress\/firmenkunden\/","title":{"rendered":"Firmenkunden"},"content":{"rendered":"<h4>Service f\u00fcr Firmenkunden<\/h4>\n<p class=\"news-wthreetext\">Ich bin auf Services f\u00fcr kleinere Firmen und Selbstst\u00e4ndige spezialisiert. Wenn Sie eine L\u00f6sung suchen, die sinnvoll mit Ihren Ressourcen umgeht, sind Sie hier an der richtigen Adresse:<br \/>Im Bedarfsfall komme ich zu Ihnen und sorge f\u00fcr einen reibungslosen Betrieb vor Ort.<br \/>Viele Fragen und Probleme k\u00f6nnen auch schnell und unkompliziert per Fernwartung gel\u00f6st werden.<\/p>\n<p><span style=\"color: #ff0000;\"><strong>E-Rechnung? &#8211; Wir kriegen das hin!<\/strong><\/span><\/p>\n<h4>Servicezeiten vor Ort:<\/h4>\n<p>Montag bis Freitag von 8:00 bis 17:00 Uhr oder nach telefonischer Vereinbarung<\/p>\n<p>Wenn Sie einen Wartungsvertrag ben\u00f6tigen, mache ich Ihnen gerne ein auf Ihren Bedarfsfall zugeschnittenes Angebot.<\/p>\n\n\n<figure class=\"wp-block-flexible-table-block-table\"><table class=\"has-fixed-layout is-stacked-on-mobile\" style=\"min-width:50%;border-width:0\"><tbody><tr><td style=\"vertical-align:top;border:none\"><strong>Wartung und Pflege<\/strong><br>Fullservice nach Ihren Anforderungen. Software und Hardware. Vom Tablet \/ Smartphone \u00fcber Computer bis zu Ihrem Server.<\/td><td style=\"vertical-align:top;border:none\"><strong>Virusentfernung<\/strong><br>Ein falscher Klick, eine falsche Email und schon ist es passiert. Viren und Trojaner sowie andere Sch\u00e4dlinge werden sicher und restlos entfernt.<\/td><td style=\"vertical-align:top;border:none\"><strong>Vor-Ort-Service<\/strong><br>Ich komme zu Ihnen und helfe Ihnen bei Ihren Computer-Problemen. Hardware oder Software.<\/td><\/tr><tr><td style=\"vertical-align:top;border:none\"><strong>Notfallhilfe<\/strong><br>Zur Stelle sein wenn es brennt&#8230; verlassen Sie sich auf meine langj\u00e4hrige Probleml\u00f6sungs-Kompetenz.<\/td><td style=\"vertical-align:top;border:none\"><strong>Konfiguration und Einrichtung von Telefonie<\/strong><br>Das Telefon muss umgestellt oder neu eingebunden werden? Das wird vor Ort erledigt.<\/td><td style=\"vertical-align:top;border:none\"><strong>Beratung und Planung<\/strong><br>Umzug, Neubau, betriebliche Neuausrichtung&#8230; Ich stehe Ihnen bei der Planung Ihrer Technik und Verkabelung von Anfang an zur Seite.<\/td><\/tr><tr><td style=\"vertical-align:top;border:none\"><strong>Beratung vor dem Kauf<\/strong> <br>Welche Ger\u00e4te sind f\u00fcr Sie geeignet? Was ist sinnvoll? Was kostet es? Ich berate Sie gerne. Rufen Sie an und wir vereinbaren einen Termin.<\/td><td style=\"vertical-align:top;border:none\"><strong>Datensicherheit<\/strong><br>Schutz vor unbefugtem Zugriff, Datenklau und Zerst\u00f6rung. Ihre Daten sind wertvoll und sch\u00fctzenswert.<\/td><td style=\"vertical-align:top;border:none\"><strong>Datenrettung<\/strong><br>Mit meinem Sofort-Service setze ich alles daran Ihre Daten auch im Worstcase vollst\u00e4ndig zu retten.<br>&nbsp;<\/td><\/tr><tr><td style=\"vertical-align:top;border:none\"><strong>Vor-Ort-Schulungen<\/strong> <br>Jeder Mensch ist anders. Jeder hat sein eigenes Tempo. Deshalb sind individuelle Schulungen bei Ihnen am ergiebigsten.<\/td><td style=\"vertical-align:top;border:none\"><strong>Video\u00fcberwachung<\/strong><br>Sch\u00fctzen Sie Ihre Werte&#8230; vorbeugende Ma\u00dfnahmen gegen Diebstahl und Vandalismus, Beweissicherung, Ablaufverfolgung<\/td><td style=\"vertical-align:top;border:none\"><strong>Datensicherung<\/strong> <br>Sch\u00fctzen Sie sich vor Datenverlust. Eine Fachberatung verschafft Ihnen \u00dcberblick.<\/td><\/tr><\/tbody><\/table><\/figure>\n\n\n\n<p><a href=\"https:\/\/berndkwasnik.de\/wordpress\/kontakt\/\">Kontakt-><\/a><\/p>\n","protected":false},"excerpt":{"rendered":"<p>Service f\u00fcr Firmenkunden Ich bin auf Services f\u00fcr kleinere Firmen und Selbstst\u00e4ndige spezialisiert. Wenn Sie eine L\u00f6sung suchen, die sinnvoll mit Ihren Ressourcen umgeht, sind Sie hier an der richtigen Adresse:Im Bedarfsfall komme ich zu Ihnen und sorge f\u00fcr einen reibungslosen Betrieb vor Ort.Viele Fragen und Probleme k\u00f6nnen auch schnell&#8230;<\/p>\n","protected":false},"author":1,"featured_media":0,"parent":0,"menu_order":0,"comment_status":"closed","ping_status":"closed","template":"","meta":{"footnotes":""},"class_list":["post-111075","page","type-page","status-publish","hentry"],"aioseo_notices":[],"_links":{"self":[{"href":"https:\/\/berndkwasnik.de\/wordpress\/wp-json\/wp\/v2\/pages\/111075","targetHints":{"allow":["GET"]}}],"collection":[{"href":"https:\/\/berndkwasnik.de\/wordpress\/wp-json\/wp\/v2\/pages"}],"about":[{"href":"https:\/\/berndkwasnik.de\/wordpress\/wp-json\/wp\/v2\/types\/page"}],"author":[{"embeddable":true,"href":"https:\/\/berndkwasnik.de\/wordpress\/wp-json\/wp\/v2\/users\/1"}],"replies":[{"embeddable":true,"href":"https:\/\/berndkwasnik.de\/wordpress\/wp-json\/wp\/v2\/comments?post=111075"}],"version-history":[{"count":14,"href":"https:\/\/berndkwasnik.de\/wordpress\/wp-json\/wp\/v2\/pages\/111075\/revisions"}],"predecessor-version":[{"id":112101,"href":"https:\/\/berndkwasnik.de\/wordpress\/wp-json\/wp\/v2\/pages\/111075\/revisions\/112101"}],"wp:attachment":[{"href":"https:\/\/berndkwasnik.de\/wordpress\/wp-json\/wp\/v2\/media?parent=111075"}],"curies":[{"name":"wp","href":"https:\/\/api.w.org\/{rel}","templated":true}]}}